{"id":36,"date":"2017-02-16T09:13:19","date_gmt":"2017-02-16T08:13:19","guid":{"rendered":"http:\/\/mxajfmgl.preview.infomaniak.website\/?page_id=36"},"modified":"2022-12-15T13:40:42","modified_gmt":"2022-12-15T12:40:42","slug":"home","status":"publish","type":"page","link":"https:\/\/formation-devenez-artiste.com\/","title":{"rendered":"Bonjour et Bienvenue !"},"content":{"rendered":"<div class=\"wp-block-image\">\n<figure class=\"aligncenter size-full is-resized\"><img loading=\"lazy\" decoding=\"async\" src=\"https:\/\/formation-devenez-artiste.com\/wp-content\/uploads\/2021\/12\/logo-formation-artiste.jpg\" alt=\"\" class=\"wp-image-29230\" width=\"430\" height=\"170\" srcset=\"https:\/\/formation-devenez-artiste.com\/wp-content\/uploads\/2021\/12\/logo-formation-artiste.jpg 1024w, https:\/\/formation-devenez-artiste.com\/wp-content\/uploads\/2021\/12\/logo-formation-artiste-300x119.jpg 300w, https:\/\/formation-devenez-artiste.com\/wp-content\/uploads\/2021\/12\/logo-formation-artiste-768x305.jpg 768w\" sizes=\"auto, (max-width: 430px) 100vw, 430px\" \/><\/figure>\n<\/div>\n\n\n<h2 class=\"wp-block-heading\"><strong><em>Bonjour et Bienvenue ! <\/em><\/strong><\/h2>\n\n\n\n<p>Je suis tr\u00e8s fi\u00e8re et heureuse de te comptez parmi les \u00e9l\u00e8ves dans ma formation :<\/p>\n\n\n\n\n\n<h1 class=\"has-text-align-center has-large-font-size wp-block-heading\"><strong>\u00ab&nbsp;<span style=\"text-decoration: underline;\">Devenez l\u2019Artiste que vous avez toujours r\u00eav\u00e9 d\u2019\u00eatre<\/span><\/strong>&nbsp;\u00bb<\/h1>\n\n\n\n<p><\/p>\n\n\n\n<p>Tout d\u2019abords, \u00e9tant donn\u00e9 le temps que nous allons passer ensemble, je vous propose que l\u2019on se tutoie, c\u2019est plus sympathique \u00e0 mon avis (et je n\u2019aime pas faire la \u00ab&nbsp;formatrice sur son estrade&nbsp;\u00bb&nbsp; \ud83d\ude42  ).<\/p>\n\n\n\n<p><\/p>\n\n\n\n<p>Tu as d\u00e9cid\u00e9 de te mettre en marche et d\u2019agir s\u00e9rieusement pour devenir un Artiste accompli, celui que tu as toujours r\u00eav\u00e9 d\u2019\u00eatre et je t&rsquo;en f\u00e9licite&nbsp;\ud83d\ude42  .<\/p>\n\n\n\n<p>Je suis honor\u00e9e d\u2019avoir ta confiance pour t&rsquo;accompagner dans ton magnifique projet.<\/p>\n\n\n\n<p>Pour ton succ\u00e8s <\/p>\n\n\n\n<p>Elena Kuznetsova <\/p>\n\n\n\n<p><\/p>\n\n\n<div class=\"wp-block-image\">\n<figure class=\"alignleft size-full\"><img loading=\"lazy\" decoding=\"async\" width=\"240\" height=\"240\" src=\"https:\/\/formation-devenez-artiste.com\/wp-content\/uploads\/2021\/12\/elena.jpg\" alt=\"\" class=\"wp-image-29229\" srcset=\"https:\/\/formation-devenez-artiste.com\/wp-content\/uploads\/2021\/12\/elena.jpg 240w, https:\/\/formation-devenez-artiste.com\/wp-content\/uploads\/2021\/12\/elena-150x150.jpg 150w\" sizes=\"auto, (max-width: 240px) 100vw, 240px\" \/><\/figure>\n<\/div>\n\n\n<p>Si tu as des questions n&rsquo;h\u00e9site pas \u00e0 me contacter \u00e0<\/p>\n\n\n\n<p>elena.kuznetsova.blog@outlook.com<\/p>\n\n\n\n<p>elena@apprendrelapeintureavecelena.com<\/p>\n\n\n\n<div id='dap_member_login_frontend_shortcode' class='live-links-bootstrap_outer dap_member_frontend_shortcode dap_member_login_frontend_shortcode_4'><link rel='stylesheet' id='dap_member_frontend_common-css'  href='https:\/\/formation-devenez-artiste.com\/wp-content\/plugins\/DAP-WP-LiveLinks\/includes\/css\/dap_member_frontend_common.css?220' type='text\/css' media='all' \/><link name='dap_member_login_style' rel='stylesheet' href='https:\/\/formation-devenez-artiste.com\/wp-content\/plugins\/DAP-WP-LiveLinks\/includes\/templates\/login\/template1\/style.css?823'>\t\t <script src=\"\/\/ajax.googleapis.com\/ajax\/libs\/jquery\/3.2.1\/jquery.min.js\"><\/script>\t<link rel='stylesheet' id='dap_member_bootstrap4-css'  href='https:\/\/formation-devenez-artiste.com\/wp-content\/plugins\/DAP-WP-LiveLinks\/includes\/css\/bootstrap4.min.css' type='text\/css' media='all' \/>\n\t\t\t\t\t\t<link rel='stylesheet' id='dap_member_sweetalert-css'  href='\/\/cdnjs.cloudflare.com\/ajax\/libs\/bootstrap-sweetalert\/1.0.1\/sweetalert.css' type='text\/css' media='all' \/>\n\t\t\t\t\t\t<link rel='stylesheet' id='dap_member_font_awesome-css'  href='\/\/maxcdn.bootstrapcdn.com\/font-awesome\/4.3.0\/css\/font-awesome.min.css' type='text\/css' media='all' \/>\n\t\t\t\t\t\t<link rel='stylesheet' id='dap_member_font-css'  href='\/\/fonts.googleapis.com\/css?family=Open+Sans%3A400%2C600%2C700&#038;display=swap' type='text\/css' media='all' \/>\t\n\t\t\t\t\t\t\t\t\t\t\n\t\t\t\t\t\t<script type='text\/javascript' src='\/\/cdnjs.cloudflare.com\/ajax\/libs\/sweetalert\/2.1.2\/sweetalert.min.js'><\/script>\n\t\t\t\t\t\t<script type='text\/javascript' src='https:\/\/formation-devenez-artiste.com\/wp-content\/plugins\/DAP-WP-LiveLinks\/includes\/js\/dap_member_frontend_common.js?880'><\/script>\n\t\t\t\t\t\t<script type='text\/javascript' src='https:\/\/formation-devenez-artiste.com\/wp-content\/plugins\/DAP-WP-LiveLinks\/includes\/js\/dap_member_frontend_login.js?821'><\/script>\n\t\t\t\t\t\t<div class='user_login signin_forgot_password_div' id='parent_outer_class_225' style=''>\n\t\t\t\t\t\t  \n\t\t\t\t\t\t  <div id=\"login_template_wrapper\" class=\"dap_login_template1\"><div class=\"login_outer\" style=\"border-color: rgb(255, 255, 255); background-color: rgb(255, 255, 255); box-shadow: rgb(153, 153, 153) 0px 0px 18px 4px;\"><div class=\"login_img\"><img decoding=\"async\" src=\"https:\/\/formation-devenez-artiste.com\/wp-content\/uploads\/2021\/12\/logo-formation-artiste.jpg\" width=\"100%\" style=\"height: 220px;\"><\/div><div class=\"login_field\"><div class=\"dap_member_tiny_editor mce-content-body\" id=\"mce_9\" contenteditable=\"false\" spellcheck=\"false\" style=\"position: relative;\"><h1>IDENTIFIANTS<\/h1><\/div><div class=\"error_message_div\" style=\"display:none\"><div class=\"dap_member_tiny_editor mce-content-body\" id=\"mce_10\" contenteditable=\"false\" spellcheck=\"false\" style=\"position: relative;\"><p class=\" additional_info\" style=\"background-color: #f05b41; border-color: #ffffff;\" data-mce-style=\"background-color: #f05b41; border-color: #ffffff;\">All error messages will be displayed here (click to style)<\/p><\/div><\/div><form id=\"dap_login\"><div class=\"form-group\"><label class=\"dap_member_tiny_editor mce-content-body\" id=\"mce_11\" contenteditable=\"false\" spellcheck=\"false\" style=\"position: relative;\">Adresse Email<\/label><input type=\"hidden\" name=\"mce_11\"><input type=\"hidden\" name=\"mce_11\"><input type=\"hidden\" name=\"mce_11\"><input type=\"email\" name=\"email\" class=\"form-control dap_login_email\" placeholder=\"entrer votre email\" data-lpignore=\"true\"><\/div><div class=\"form-group\"><label class=\"dap_member_tiny_editor mce-content-body\" id=\"mce_12\" contenteditable=\"false\" spellcheck=\"false\" style=\"position: relative;\">Mot de passe<\/label><input type=\"hidden\" name=\"mce_12\"><input type=\"hidden\" name=\"mce_12\"><input type=\"hidden\" name=\"mce_12\"><input type=\"text\" class=\"form-control dap_login_pass\" name=\"password\" placeholder=\"entrer votre mot de passe\" data-lpignore=\"true\"><\/div><input type=\"hidden\" name=\"submitted\" value=\"Y\"><input type=\"hidden\" name=\"request\" id=\"login_request_url\" value=\"\"><input type=\"hidden\" name=\"forgot\" value=\"N\"><input type=\"hidden\" name=\"captchaval\" value=\"%%CAPTCHAVAL%%\"><div class=\"form-group captcha_wrapper_outer\"><div class=\"captcha_wrapper\"><div class=\"frontend_captcha g-recaptcha\" data-sitekey=\"%%GOOGLESITEKEY%%\" style=\"display:%%CAPTCHAFRONTEND%%\"><\/div><div class=\"backend_captcha\" style=\"display:none\"><img decoding=\"async\" src=\"https:\/\/formation-devenez-artiste.com\/wp-content\/plugins\/DAP-WP-LiveLinks\/includes\/templates\/login\/template1\/images\/captcha.jpg\" class=\"captcha_img\"><\/div><\/div><\/div><div class=\"form-group align-items-center d-flex\"><input type=\"checkbox\" class=\"dap_login_remember\" name=\"rememberMe\" value=\"rememberMe\"><span class=\"dap_member_tiny_editor mce-content-body\" id=\"mce_13\" contenteditable=\"false\" spellcheck=\"false\" style=\"position: relative;\">Se rappeler de moi<\/span><input type=\"hidden\" name=\"mce_13\"><input type=\"hidden\" name=\"mce_13\"><input type=\"hidden\" name=\"mce_13\"><\/div><div class=\"signin_btn_outer dap_member_tiny_editor mce-content-body\" id=\"mce_14\" contenteditable=\"false\" spellcheck=\"false\" style=\"position: relative;\"><span class=\"btn btn-primary  signin_btn\" style=\"background-color: #4787fd; border-color: #ffffff;\" data-mce-style=\"background-color: #4787fd; border-color: #ffffff;\">JE ME CONNECTE\ufeff<\/span><\/div><input type=\"hidden\" name=\"mce_14\"><input type=\"hidden\" name=\"mce_14\"><input type=\"hidden\" name=\"mce_14\"><div class=\"create_forgot_link\"><a href=\"#\" class=\"create_account dap_member_tiny_editor mce-content-body\" id=\"mce_15\" contenteditable=\"false\" spellcheck=\"false\" style=\"position: relative; display: none;\">Besoin d\\\\\\'un compte ?<\/a><input type=\"hidden\" name=\"mce_15\"><input type=\"hidden\" name=\"mce_15\"><input type=\"hidden\" name=\"mce_15\"> <a href=\"javascript:void(0)\" class=\"forgot_password dap_member_tiny_editor mce-content-body\" id=\"mce_16\" contenteditable=\"false\" spellcheck=\"false\" style=\"position: relative;\">Mot de passe oubli\u00e9 ?<\/a><input type=\"hidden\" name=\"mce_16\"><input type=\"hidden\" name=\"mce_16\"><input type=\"hidden\" name=\"mce_16\"><\/div><\/form><\/div><\/div><\/div>\t\t\t\t\t\t\t\t\t\t\t\t<div class='dap_forgot_template_static_div' style='display:none'>\n\t\t\t\t\t\t\n\t\t\t\t\t\t<div id=\"login_template_wrapper\" class=\"dap_login_template7\"><div id=\"forgot_outer\"><div class=\"forgot_field\"><div class=\"forgot_outer_main_heading dap_member_tiny_editor mce-content-body\" id=\"mce_17\" contenteditable=\"false\" spellcheck=\"false\" style=\"position: relative;\"><h1>Mot de passe oubli\u00e9 ?<\/h1><\/div><div class=\"dap_member_tiny_editor forgot_outer_sub_heading mce-content-body\" id=\"mce_18\" contenteditable=\"false\" spellcheck=\"false\" style=\"position: relative;\"><p>Entrez votre adresse e-mail ci-dessous<br>et nous vous enverrons un lien pour r\u00e9initialiser votre mot de passe.<\/p><\/div><form id=\"dap_forgot\"><div class=\"form-group\"><input type=\"email\" class=\"form-control dap_forgot_email\" placeholder=\"Entrer votre Email\" data-lpignore=\"true\"><\/div><div class=\"forgot_btn_outer dap_member_tiny_editor mce-content-body\" id=\"mce_19\" contenteditable=\"false\" spellcheck=\"false\" style=\"position: relative;\"><span class=\"btn btn-primary  forgot_btn\" style=\"background-color: #4787fd;\" data-mce-style=\"background-color: #4787fd;\">Mot de passe oubli\u00e9<\/span><\/div><input type=\"hidden\" name=\"mce_19\"><input type=\"hidden\" name=\"mce_19\"><input type=\"hidden\" name=\"mce_19\"><\/form><\/div><\/div><\/div>\t\t\t\t\t\t\t\t\t\t\t\t<\/div><div><input type='hidden' name='action_id' value='4'><input type='hidden' name='dm_login_temp_captcha' value=''><input  type=\"hidden\" name=\"dap_email_empty\" value=\"Veuillez saisir l\\'identifiant de l\\'e-mail. \">\n\t\t\t\t     <input  type=\"hidden\"  name=\"dap_password_empty\" value=\"Veuillez entrer le mot de passe. \">\n\t\t\t\t\t<input  type=\"hidden\"  name=\"dap_email_valid\" value=\"Veuillez saisir une adresse e-mail valide.  \">\n\t\t\t\t\t<input  type=\"hidden\"  name=\"dap_email_password_wrong\" value=\"D\u00e9sol\u00e9, soit vous avez entr\u00e9 un nom d\\'utilisateur  ou mot de passe invalide, soit vous n\\\\\\'avez peut-\u00eatre pas encore activ\u00e9 votre compte.  \">\n\t\t\t\t\t<input  type=\"hidden\"  name=\"dap_login_success\" value=\"Connect\u00e9 avec succ\u00e8s!  \">\n\t\t\t\t\t<input  type=\"hidden\"  name=\"dap_email_not_found\" value=\"D\u00e9sol\u00e9, aucun utilisateur trouv\u00e9 avec l\\'adresse e-mail.\">\n\t\t\t\t\t<input  type=\"hidden\"  name=\"dap_reset_link\" value=\"Veuillez v\u00e9rifier votre courrier \u00e9lectronique sous peu pour un lien pour r\u00e9initialiser votre mot de passe.\">\n\t\t\t\t\t<input  type=\"hidden\"  name=\"dap_password_not_match\" value=\"Le mot de passe ne correspond pas.\">\n\t\t\t\t\t<input  type=\"hidden\"  name=\"dap_reset_password_success\" value=\"Votre mot de passe a \u00e9t\u00e9 r\u00e9initialis\u00e9.\">\n\t\t\t\t\t<input  type=\"hidden\"  name=\"dap_reset_key_expired\" value=\"Votre cl\u00e9 a expir\u00e9.\">\n\t\t\t\t\t<input  type=\"hidden\"  name=\"dap_captcha_not_select\" value=\"Veuillez s\u00e9lectionner captcha. \">\n\t\t\t\t\t<span style=\"display:none\" class=\"dap_login_btn_html\"><\/span>\n\t\t\t\t\t<span style=\"display:none\" class=\"dap_loader_html\"><i class=\"fa fa-spinner fa-pulse fa-3x fa-fw\" style=\"font-size:36px;\"><\/i><\/span>\n\t\t\t\t\t<input  type=\"hidden\"  name=\"invalid_captcha\" value=\"Veuillez v\u00e9rifier le formulaire captcha. \"><input  type=\"hidden\"  name=\"dap_request\" value=\"0\"><input  type=\"hidden\"  name=\"dap_login_stie_url\" value=\"https:\/\/formation-devenez-artiste.com\"><\/div><\/div><script> var  dap_login_ajax_url = 'https:\/\/formation-devenez-artiste.com\/wp-admin\/admin-ajax.php'<\/script>\n\t\t\t<div class=\"dap_member_loading_wrapper\" >\n\t\t\t<div id=\"dap_member_loadingoverlay\"><\/div>\n\t\t\t<div id=\"dap_member_loader_icon\">\n\t\t\t\t<div class=\"lds-css ng-scope\"><div style=\"width:100%;height:100%\" class=\"lds-dual-ring\"><div><\/div><\/div><\/div>\n\t\t\t<\/div>\n\t\t\t<\/div><\/div>\n\n\n\n<p><\/p>\n\n\n\n<figure class=\"wp-block-embed aligncenter is-type-video is-provider-vimeo wp-block-embed-vimeo wp-embed-aspect-16-9 wp-has-aspect-ratio\"><div class=\"wp-block-embed__wrapper\">\n<iframe loading=\"lazy\" src=\"https:\/\/player.vimeo.com\/video\/781453497?h=c11324b9b1&amp;dnt=1&amp;app_id=122963\" width=\"500\" height=\"281\" frameborder=\"0\" allow=\"autoplay; fullscreen; picture-in-picture; clipboard-write\"><\/iframe>\n<\/div><\/figure>\n\n\n","protected":false},"excerpt":{"rendered":"<p>Bonjour et Bienvenue ! Je suis tr\u00e8s fi\u00e8re et heureuse de te comptez parmi les \u00e9l\u00e8ves dans ma formation : \u00ab&nbsp;Devenez l\u2019Artiste que vous avez toujours r\u00eav\u00e9 d\u2019\u00eatre&nbsp;\u00bb Tout d\u2019abords, \u00e9tant donn\u00e9 le temps que nous allons passer ensemble, je vous propose que l\u2019on se tutoie, c\u2019est plus sympathique \u00e0 mon avis (et je n\u2019aime [&hellip;]<\/p>\n","protected":false},"author":1,"featured_media":0,"parent":0,"menu_order":0,"comment_status":"closed","ping_status":"closed","template":"","meta":{"footnotes":""},"tags":[],"class_list":["post-36","page","type-page","status-publish","hentry"],"_links":{"self":[{"href":"https:\/\/formation-devenez-artiste.com\/wp-json\/wp\/v2\/pages\/36","targetHints":{"allow":["GET"]}}],"collection":[{"href":"https:\/\/formation-devenez-artiste.com\/wp-json\/wp\/v2\/pages"}],"about":[{"href":"https:\/\/formation-devenez-artiste.com\/wp-json\/wp\/v2\/types\/page"}],"author":[{"embeddable":true,"href":"https:\/\/formation-devenez-artiste.com\/wp-json\/wp\/v2\/users\/1"}],"replies":[{"embeddable":true,"href":"https:\/\/formation-devenez-artiste.com\/wp-json\/wp\/v2\/comments?post=36"}],"version-history":[{"count":27,"href":"https:\/\/formation-devenez-artiste.com\/wp-json\/wp\/v2\/pages\/36\/revisions"}],"predecessor-version":[{"id":30386,"href":"https:\/\/formation-devenez-artiste.com\/wp-json\/wp\/v2\/pages\/36\/revisions\/30386"}],"wp:attachment":[{"href":"https:\/\/formation-devenez-artiste.com\/wp-json\/wp\/v2\/media?parent=36"}],"wp:term":[{"taxonomy":"post_tag","embeddable":true,"href":"https:\/\/formation-devenez-artiste.com\/wp-json\/wp\/v2\/tags?post=36"}],"curies":[{"name":"wp","href":"https:\/\/api.w.org\/{rel}","templated":true}]}}