{"id":45,"date":"2017-02-16T09:17:12","date_gmt":"2017-02-16T08:17:12","guid":{"rendered":"http:\/\/mxajfmgl.preview.infomaniak.website\/?page_id=45"},"modified":"2021-11-16T22:00:35","modified_gmt":"2021-11-16T21:00:35","slug":"contact","status":"publish","type":"page","link":"https:\/\/formation-devenez-artiste.com\/contact\/","title":{"rendered":"CONTACT"},"content":{"rendered":"\n<p>Bonjour,<\/p>\n\n\n\n<p>Vous pouvez \u00e0 chaque instant me contacter par email \u00e0 l&rsquo;adresse : <strong><a href=\"mailto:elena@apprendrelapeintureavecelena.com\">elena@apprendrelapeintureavecelena.com<\/a><\/strong><\/p>\n\n\n\n<p>N&rsquo;h\u00e9sitez pas \u00e0 me poser toutes les questions que vous auriez !<\/p>\n\n\n\n<p>Vous pouvez aussi poser vos questions sur le groupe priv\u00e9 Facebook qui est r\u00e9serv\u00e9 aux membres de la formation \ud83d\ude42 <\/p>\n\n\n\n<p>Cordialement<\/p>\n\n\n\n<p>El\u00e9na Kuznetsova<\/p>\n\n\n\n<p><\/p>\n","protected":false},"excerpt":{"rendered":"<p>Bonjour, Vous pouvez \u00e0 chaque instant me contacter par email \u00e0 l&rsquo;adresse : elena@apprendrelapeintureavecelena.com N&rsquo;h\u00e9sitez pas \u00e0 me poser toutes les questions que vous auriez ! Vous pouvez aussi poser vos questions sur le groupe priv\u00e9 Facebook qui est r\u00e9serv\u00e9 aux membres de la formation \ud83d\ude42 Cordialement El\u00e9na Kuznetsova<\/p>\n","protected":false},"author":1,"featured_media":0,"parent":0,"menu_order":0,"comment_status":"closed","ping_status":"closed","template":"","meta":{"footnotes":""},"tags":[],"class_list":["post-45","page","type-page","status-publish","hentry"],"_links":{"self":[{"href":"https:\/\/formation-devenez-artiste.com\/wp-json\/wp\/v2\/pages\/45","targetHints":{"allow":["GET"]}}],"collection":[{"href":"https:\/\/formation-devenez-artiste.com\/wp-json\/wp\/v2\/pages"}],"about":[{"href":"https:\/\/formation-devenez-artiste.com\/wp-json\/wp\/v2\/types\/page"}],"author":[{"embeddable":true,"href":"https:\/\/formation-devenez-artiste.com\/wp-json\/wp\/v2\/users\/1"}],"replies":[{"embeddable":true,"href":"https:\/\/formation-devenez-artiste.com\/wp-json\/wp\/v2\/comments?post=45"}],"version-history":[{"count":3,"href":"https:\/\/formation-devenez-artiste.com\/wp-json\/wp\/v2\/pages\/45\/revisions"}],"predecessor-version":[{"id":28852,"href":"https:\/\/formation-devenez-artiste.com\/wp-json\/wp\/v2\/pages\/45\/revisions\/28852"}],"wp:attachment":[{"href":"https:\/\/formation-devenez-artiste.com\/wp-json\/wp\/v2\/media?parent=45"}],"wp:term":[{"taxonomy":"post_tag","embeddable":true,"href":"https:\/\/formation-devenez-artiste.com\/wp-json\/wp\/v2\/tags?post=45"}],"curies":[{"name":"wp","href":"https:\/\/api.w.org\/{rel}","templated":true}]}}